{"id":942,"date":"2022-03-22T15:01:36","date_gmt":"2022-03-22T15:01:36","guid":{"rendered":"https:\/\/new.ims-software.com\/aide\/"},"modified":"2022-07-22T21:53:41","modified_gmt":"2022-07-22T21:53:41","slug":"aide","status":"publish","type":"page","link":"https:\/\/www.ims-software.com\/fr\/aide\/","title":{"rendered":"Aide"},"content":{"rendered":"<p><b>Qui contacter si vous rencontrez un probl\u00e8me avec le site internet:<\/b><\/p>\n<p>Contacter IMS par e-mail \u00e0 <a href=\"mailto:info@ims-software.com\">info@ims-software.com<\/a>. Ou nous appelez au +1 (978) 556-0077.<\/p>\n<p><b>Cookies<\/b><\/p>\n<p>Les cookies sont n\u00e9cessaires aux fonctions avanc\u00e9es de ce site. Si vous d\u00e9sactivez les cookies, vous ne pourrez pas vous connecter \u00e0 votre compte mais vous aurez acc\u00e8s aux autres pages.<\/p>\n<p>Les cookies sont uniquement utilis\u00e9es pour suivre votre connexion \u00e0 votre compte. Consulter nos <a href=\"https:\/\/www.ims-software.com\/content\/terms-conditions\">conditions d\u2019utilisation<\/a> pour plus de d\u00e9tails.<\/p>\n","protected":false},"excerpt":{"rendered":"<p><b>Qui contacter si vous rencontrez un probl\u00e8me avec le site internet:<\/b><\/p>\n<p>Contacter IMS par e-mail \u00e0 <a href=\"mailto:info@ims-software.com\">info@ims-software.com<\/a>. Ou nous appelez au +1 (978) 556-0077.<\/p>\n<p><b>Cookies<\/b><\/p>\n<p>Les cookies sont n\u00e9cessaires aux fonctions avanc\u00e9es de ce site. Si vous d\u00e9sactivez les cookies, vous ne pourrez pas vous connecter \u00e0 votre compte mais vous aurez acc\u00e8s aux autres pages.<\/p>\n<p>Les cookies <a href=\"https:\/\/www.ims-software.com\/fr\/aide\/\" class=\"more-link\"><span aria-label=\"Continue reading\">(more\u2026)<\/span><\/a><\/p>\n","protected":false},"author":1,"featured_media":0,"parent":0,"menu_order":0,"comment_status":"closed","ping_status":"closed","template":"","meta":{"_acf_changed":false,"_monsterinsights_skip_tracking":false,"_monsterinsights_sitenote_active":false,"_monsterinsights_sitenote_note":"","_monsterinsights_sitenote_category":0,"_uf_show_specific_survey":0,"_uf_disable_surveys":false,"footnotes":""},"class_list":["post-942","page","type-page","status-publish","hentry"],"acf":[],"_links":{"self":[{"href":"https:\/\/www.ims-software.com\/fr\/wp-json\/wp\/v2\/pages\/942","targetHints":{"allow":["GET"]}}],"collection":[{"href":"https:\/\/www.ims-software.com\/fr\/wp-json\/wp\/v2\/pages"}],"about":[{"href":"https:\/\/www.ims-software.com\/fr\/wp-json\/wp\/v2\/types\/page"}],"author":[{"embeddable":true,"href":"https:\/\/www.ims-software.com\/fr\/wp-json\/wp\/v2\/users\/1"}],"replies":[{"embeddable":true,"href":"https:\/\/www.ims-software.com\/fr\/wp-json\/wp\/v2\/comments?post=942"}],"version-history":[{"count":2,"href":"https:\/\/www.ims-software.com\/fr\/wp-json\/wp\/v2\/pages\/942\/revisions"}],"predecessor-version":[{"id":2166,"href":"https:\/\/www.ims-software.com\/fr\/wp-json\/wp\/v2\/pages\/942\/revisions\/2166"}],"wp:attachment":[{"href":"https:\/\/www.ims-software.com\/fr\/wp-json\/wp\/v2\/media?parent=942"}],"curies":[{"name":"wp","href":"https:\/\/api.w.org\/{rel}","templated":true}]}}