{"id":302,"date":"2022-03-22T03:32:20","date_gmt":"2022-03-22T03:32:20","guid":{"rendered":"http:\/\/new.ims-software.com\/a-propos-dims\/"},"modified":"2024-11-05T14:16:25","modified_gmt":"2024-11-05T14:16:25","slug":"a-propos-dims","status":"publish","type":"page","link":"https:\/\/www.ims-software.com\/fr\/a-propos-dims\/","title":{"rendered":"A propos d\u2019IMS"},"content":{"rendered":"<h3>[]<\/h3>\n<p>&lt;p&gt;&lt;\/p&gt;<\/p>\n<p><strong>Profil de la soci\u00e9t\u00e9<\/strong><\/p>\n<p>IMS Software a plus de 30 ans d\u2019exp\u00e9rience industrielle dans la livraison de solution compl\u00e8te de postprocessing fa\u00e7onn\u00e9e individuellement pour chaque client. Avec un int\u00e9r\u00eat direct \u00e0 garder chaque client satisfait, nous avons la fiert\u00e9 de livrer des produits et de fournir service et support de haut niveau pour un prix inf\u00e9rieur \u00e0 ceux de nos concurrents. <\/p>\n<p><strong>Dan Wrenn,<\/strong> Pr\u00e9sident<br \/><strong>Shlomo Birenshtok,<\/strong> Vice-pr\u00e9sident<br \/><strong>Andy Brewster,<\/strong> Vice-pr\u00e9sident des ventes et du marketing<br \/><strong>David McCarthy,<\/strong> Directeur g\u00e9n\u00e9ral<br \/><strong>Bob Mancuso,<\/strong> Ventes en Am\u00e9rique du Nord<br \/><strong>Rudolf Renner,<\/strong> Ventes en Europe<\/p>\n","protected":false},"excerpt":{"rendered":"<p>[]<\/p>\n<p>&lt;p&gt;&lt;\/p&gt;<\/p>\n<p><strong>Profil de la soci\u00e9t\u00e9<\/strong><\/p>\n<p>IMS Software a plus de 30 ans d\u2019exp\u00e9rience industrielle dans la livraison de solution compl\u00e8te de postprocessing fa\u00e7onn\u00e9e individuellement pour chaque client. Avec un int\u00e9r\u00eat direct \u00e0 garder chaque client satisfait, nous avons la fiert\u00e9 de livrer des produits et de fournir service et support de haut niveau pour un prix inf\u00e9rieur <a href=\"https:\/\/www.ims-software.com\/fr\/a-propos-dims\/\" class=\"more-link\"><span aria-label=\"Continue reading\">(more\u2026)<\/span><\/a><\/p>\n","protected":false},"author":1,"featured_media":218,"parent":0,"menu_order":0,"comment_status":"closed","ping_status":"closed","template":"","meta":{"_acf_changed":false,"_monsterinsights_skip_tracking":false,"_monsterinsights_sitenote_active":false,"_monsterinsights_sitenote_note":"","_monsterinsights_sitenote_category":0,"_uf_show_specific_survey":0,"_uf_disable_surveys":false,"footnotes":""},"class_list":["post-302","page","type-page","status-publish","has-post-thumbnail","hentry"],"acf":[],"_links":{"self":[{"href":"https:\/\/www.ims-software.com\/fr\/wp-json\/wp\/v2\/pages\/302","targetHints":{"allow":["GET"]}}],"collection":[{"href":"https:\/\/www.ims-software.com\/fr\/wp-json\/wp\/v2\/pages"}],"about":[{"href":"https:\/\/www.ims-software.com\/fr\/wp-json\/wp\/v2\/types\/page"}],"author":[{"embeddable":true,"href":"https:\/\/www.ims-software.com\/fr\/wp-json\/wp\/v2\/users\/1"}],"replies":[{"embeddable":true,"href":"https:\/\/www.ims-software.com\/fr\/wp-json\/wp\/v2\/comments?post=302"}],"version-history":[{"count":7,"href":"https:\/\/www.ims-software.com\/fr\/wp-json\/wp\/v2\/pages\/302\/revisions"}],"predecessor-version":[{"id":3026,"href":"https:\/\/www.ims-software.com\/fr\/wp-json\/wp\/v2\/pages\/302\/revisions\/3026"}],"wp:featuredmedia":[{"embeddable":true,"href":"https:\/\/www.ims-software.com\/fr\/wp-json\/wp\/v2\/media\/218"}],"wp:attachment":[{"href":"https:\/\/www.ims-software.com\/fr\/wp-json\/wp\/v2\/media?parent=302"}],"curies":[{"name":"wp","href":"https:\/\/api.w.org\/{rel}","templated":true}]}}