{"id":2117,"date":"2022-03-22T03:32:27","date_gmt":"2022-03-22T03:32:27","guid":{"rendered":"https:\/\/www.ims-software.com\/?page_id=2117"},"modified":"2022-07-05T17:22:25","modified_gmt":"2022-07-05T17:22:25","slug":"support-client","status":"publish","type":"page","link":"https:\/\/www.ims-software.com\/fr\/support-client\/","title":{"rendered":"Support client"},"content":{"rendered":"<p>Les experts d\u2019IMS compl\u00e8tent notre logiciel \u00e0 la pointe de la technologie en fournissant des services et un support de qualit\u00e9 vous permettant de :<\/p>\n<ul>\n<li>Maximiser votre retour sur investissement<\/li>\n<li>Maximiser votre productivit\u00e9<\/li>\n<\/ul>\n<p>Les clients qui font partie de notre programme de maintenance et de support b\u00e9n\u00e9ficient de nombreux avantages additionnels, incluant :<\/p>\n<ul>\n<li>Assistance t\u00e9l\u00e9phonique illimit\u00e9e<\/li>\n<li>Des r\u00e9ponses rapides et prioritaires pour un support par internet \u00e0 travers les bureaux d\u2019IMS pr\u00e9sents aux USA et en Europe<\/li>\n<li>Echange de produits sous licence sur une plateforme pour un produit identique sur diff\u00e9rentes plateformes<\/li>\n<li>Mise \u00e0 jour du logiciel gratuite<\/li>\n<\/ul>\n<p>Vous avez des questions? <span class=\"Y2IQFc\" lang=\"fr\">Cliquez sur <\/span><b>Request More Info <\/b><span class=\"Y2IQFc\" lang=\"fr\">vers la droite et nous vous recontacterons.<\/span><\/p>\n","protected":false},"excerpt":{"rendered":"<p>Les experts d\u2019IMS compl\u00e8tent notre logiciel \u00e0 la pointe de la technologie en fournissant des services et un support de qualit\u00e9 vous permettant de :<\/p>\n<p>Maximiser votre retour sur investissement<br \/>\nMaximiser votre productivit\u00e9<\/p>\n<p>Les clients qui font partie de notre programme de maintenance et de support b\u00e9n\u00e9ficient de nombreux avantages additionnels, incluant :<\/p>\n<p>Assistance t\u00e9l\u00e9phonique illimit\u00e9e<br \/>\nDes r\u00e9ponses rapides et <a href=\"https:\/\/www.ims-software.com\/fr\/support-client\/\" class=\"more-link\"><span aria-label=\"Continue reading\">(more\u2026)<\/span><\/a><\/p>\n","protected":false},"author":6,"featured_media":0,"parent":0,"menu_order":0,"comment_status":"closed","ping_status":"closed","template":"","meta":{"_acf_changed":false,"_monsterinsights_skip_tracking":false,"_monsterinsights_sitenote_active":false,"_monsterinsights_sitenote_note":"","_monsterinsights_sitenote_category":0,"_uf_show_specific_survey":0,"_uf_disable_surveys":false,"footnotes":""},"class_list":["post-2117","page","type-page","status-publish","hentry"],"acf":[],"_links":{"self":[{"href":"https:\/\/www.ims-software.com\/fr\/wp-json\/wp\/v2\/pages\/2117","targetHints":{"allow":["GET"]}}],"collection":[{"href":"https:\/\/www.ims-software.com\/fr\/wp-json\/wp\/v2\/pages"}],"about":[{"href":"https:\/\/www.ims-software.com\/fr\/wp-json\/wp\/v2\/types\/page"}],"author":[{"embeddable":true,"href":"https:\/\/www.ims-software.com\/fr\/wp-json\/wp\/v2\/users\/6"}],"replies":[{"embeddable":true,"href":"https:\/\/www.ims-software.com\/fr\/wp-json\/wp\/v2\/comments?post=2117"}],"version-history":[{"count":2,"href":"https:\/\/www.ims-software.com\/fr\/wp-json\/wp\/v2\/pages\/2117\/revisions"}],"predecessor-version":[{"id":2119,"href":"https:\/\/www.ims-software.com\/fr\/wp-json\/wp\/v2\/pages\/2117\/revisions\/2119"}],"wp:attachment":[{"href":"https:\/\/www.ims-software.com\/fr\/wp-json\/wp\/v2\/media?parent=2117"}],"curies":[{"name":"wp","href":"https:\/\/api.w.org\/{rel}","templated":true}]}}