{"id":2040,"date":"2022-05-24T16:45:08","date_gmt":"2022-05-24T16:45:08","guid":{"rendered":"https:\/\/www.ims-software.com\/?page_id=2040"},"modified":"2022-06-29T15:43:15","modified_gmt":"2022-06-29T15:43:15","slug":"produits-et-service","status":"publish","type":"page","link":"https:\/\/www.ims-software.com\/fr\/produits-et-service\/","title":{"rendered":"Produits et service"},"content":{"rendered":"<h3>IMS Software a plus de 30 ans d\u2019exp\u00e9rience industrielle dans la livraison de solution compl\u00e8te de postprocessing fa\u00e7onn\u00e9e individuellement pour chaque client. Avec un int\u00e9r\u00eat direct \u00e0 garder chaque client satisfait, nous avons la fiert\u00e9 de livrer des produits et de fournir service et support de haut niveau pour un prix inf\u00e9rieur \u00e0 ceux de nos concurrents.<\/h3>\n<p><strong>IMSpost<\/strong><\/p>\n<p>IMSpost, le logiciel de postprocessing le plus avanc\u00e9 au monde, convertit les fichiers issus des logiciels FAO en code sp\u00e9cifique requis pour les machines \u00e0 commande num\u00e9rique. Grace \u00e0 sa biblioth\u00e8que flexible de post-processeurs standards et de configuration de machine, vous pouvez commencer \u00e0 g\u00e9n\u00e9rer des fichiers CN imm\u00e9diatement.<\/p>\n<p><strong>IMSverify<\/strong><\/p>\n<p>IMSverify fournit une solution unique de v\u00e9rification du code iso pour contr\u00f4ler le code g\u00e9n\u00e9r\u00e9 qui sera utilis\u00e9 sur la machine. Cela va plus loin que la simple v\u00e9rification des fichiers APT et CL integr\u00e9 aux logiciels de FAO. La v\u00e9rification du code iso qui va r\u00e9ellement tourner sur la machine vous assure que la pi\u00e8ce sera usin\u00e9e correctement.<\/p>\n<p><strong>IMSce for V5\/V6<\/strong><\/p>\n<p>IMSce fournit une \u00e9mulation robuste du contr\u00f4leur pour tous les types de contr\u00f4leur pr\u00e9sent sur le march\u00e9 \u00e0 l\u2019heure actuelle. Un support total des variables, sous-programmes, expressions, cycles pr\u00e9programm\u00e9s, palpage, etc\u2026 vous assure de la simulation la plus pr\u00e9cise et fiable disponible dans l\u2019industrie.<\/p>\n<p><strong>IMSmachine<\/strong><\/p>\n<p>IMSmachine est un programme anim\u00e9 et graphique qui supprime les doutes sur la programmation de la machine. Travaillant seul, ou comme un composant de IMSpost, ce logiciel vous permettra de rapidement et pr\u00e9cis\u00e9ment d\u00e9crire et tester les plus compliqu\u00e9es des machines d\u2019usinage.<\/p>\n<p><strong>IMSconvert<\/strong><\/p>\n<p>IMSconvert fournit une puissance sans pareil pour convertir les formats ISO des machines (Code-G) au langage standard APT, ou simplement entre les formats des machines.<\/p>\n<p><strong>Post-processeurs sur mesure<\/strong><\/p>\n<p>Notre \u00e9quipe exp\u00e9riment\u00e9e peut cr\u00e9er des post-processeurs sur mesure suivant vos sp\u00e9cifications. Beaucoup d\u2019entreprises n\u2019ont pas l\u2019expertise ou le personnel n\u00e9cessaire pour personnaliser ou maintenir leur post-processeur et pr\u00e9f\u00e8re d\u00e9l\u00e9guer la responsabilit\u00e9 de la personnalisation et de la maintenance \u00e0 des fournisseurs.<\/p>\n","protected":false},"excerpt":{"rendered":"<p>IMS Software a plus de 30 ans d\u2019exp\u00e9rience industrielle dans la livraison de solution compl\u00e8te de postprocessing fa\u00e7onn\u00e9e individuellement pour chaque client. Avec un int\u00e9r\u00eat direct \u00e0 garder chaque client satisfait, nous avons la fiert\u00e9 de livrer des produits et de fournir service et support de haut niveau pour un prix inf\u00e9rieur \u00e0 ceux de <a href=\"https:\/\/www.ims-software.com\/fr\/produits-et-service\/\" class=\"more-link\"><span aria-label=\"Continue reading\">(more\u2026)<\/span><\/a><\/p>\n","protected":false},"author":6,"featured_media":218,"parent":0,"menu_order":0,"comment_status":"closed","ping_status":"closed","template":"","meta":{"_acf_changed":false,"_monsterinsights_skip_tracking":false,"_monsterinsights_sitenote_active":false,"_monsterinsights_sitenote_note":"","_monsterinsights_sitenote_category":0,"_uf_show_specific_survey":0,"_uf_disable_surveys":false,"footnotes":""},"class_list":["post-2040","page","type-page","status-publish","has-post-thumbnail","hentry"],"acf":[],"_links":{"self":[{"href":"https:\/\/www.ims-software.com\/fr\/wp-json\/wp\/v2\/pages\/2040","targetHints":{"allow":["GET"]}}],"collection":[{"href":"https:\/\/www.ims-software.com\/fr\/wp-json\/wp\/v2\/pages"}],"about":[{"href":"https:\/\/www.ims-software.com\/fr\/wp-json\/wp\/v2\/types\/page"}],"author":[{"embeddable":true,"href":"https:\/\/www.ims-software.com\/fr\/wp-json\/wp\/v2\/users\/6"}],"replies":[{"embeddable":true,"href":"https:\/\/www.ims-software.com\/fr\/wp-json\/wp\/v2\/comments?post=2040"}],"version-history":[{"count":10,"href":"https:\/\/www.ims-software.com\/fr\/wp-json\/wp\/v2\/pages\/2040\/revisions"}],"predecessor-version":[{"id":2091,"href":"https:\/\/www.ims-software.com\/fr\/wp-json\/wp\/v2\/pages\/2040\/revisions\/2091"}],"wp:featuredmedia":[{"embeddable":true,"href":"https:\/\/www.ims-software.com\/fr\/wp-json\/wp\/v2\/media\/218"}],"wp:attachment":[{"href":"https:\/\/www.ims-software.com\/fr\/wp-json\/wp\/v2\/media?parent=2040"}],"curies":[{"name":"wp","href":"https:\/\/api.w.org\/{rel}","templated":true}]}}