{"id":1024,"date":"2022-04-12T13:55:25","date_gmt":"2022-04-12T13:55:25","guid":{"rendered":"https:\/\/new.ims-software.com\/formation\/"},"modified":"2022-07-05T17:47:54","modified_gmt":"2022-07-05T17:47:54","slug":"formation","status":"publish","type":"page","link":"https:\/\/www.ims-software.com\/fr\/formation\/","title":{"rendered":"Formation"},"content":{"rendered":"<p id=\"page-title\" class=\"title\">IMS offre une vari\u00e9t\u00e9 d&rsquo;options de formation pour tous nos produits, y compris\u00a0:<\/p>\n<div class=\"region region-content\">\n<div id=\"block-system-main\" class=\"block block-system first last odd\">\n<div class=\"content\">\n<div id=\"node-24\" class=\"node node-page view-mode-full clearfix\">\n<div class=\"content\">\n<div class=\"field field-name-body field-type-text-with-summary field-label-hidden\">\n<div class=\"field-items\">\n<div class=\"field-item even\">\n<ul>\n<li>Cours dans nos bureaux \u00e0 Haverhill, MA, USA<\/li>\n<li>Formation sur place dans votre \u00e9tablissement<\/li>\n<li>Formation vid\u00e9o dirig\u00e9e par un instructeur<\/li>\n<li>Formation en ligne \u00e0 votre rythme<\/li>\n<\/ul>\n<p class=\"tw-data-text tw-text-large tw-ta\" dir=\"ltr\" data-placeholder=\"Translation\"><span class=\"Y2IQFc\" lang=\"fr\">Veuillez utiliser le <\/span><strong>Request More Info <\/strong><span class=\"Y2IQFc\" lang=\"fr\">lien vers la droite pour nous contacter, et nous mettrons en place un plan complet pour r\u00e9pondre \u00e0 vos besoins sp\u00e9cifiques.<\/span><\/p>\n<\/div>\n<\/div>\n<\/div>\n<\/div>\n<\/div>\n<\/div>\n<\/div>\n<\/div>\n","protected":false},"excerpt":{"rendered":"<p id=\"page-title\" class=\"title\">IMS offre une vari\u00e9t\u00e9 d&rsquo;options de formation pour tous nos produits, y compris\u00a0:<\/p>\n<p>Cours dans nos bureaux \u00e0 Haverhill, MA, USA<br \/>\nFormation sur place dans votre \u00e9tablissement<br \/>\nFormation vid\u00e9o dirig\u00e9e par un instructeur<br \/>\nFormation en ligne \u00e0 votre rythme<\/p>\n<p class=\"tw-data-text tw-text-large tw-ta\" dir=\"ltr\" data-placeholder=\"Translation\">Veuillez utiliser le <strong>Request More Info <\/strong>lien vers la droite pour nous contacter, et <a href=\"https:\/\/www.ims-software.com\/fr\/formation\/\" class=\"more-link\"><span aria-label=\"Continue reading\">(more\u2026)<\/span><\/a><\/p>\n","protected":false},"author":1,"featured_media":0,"parent":0,"menu_order":0,"comment_status":"closed","ping_status":"closed","template":"","meta":{"_acf_changed":false,"_monsterinsights_skip_tracking":false,"_monsterinsights_sitenote_active":false,"_monsterinsights_sitenote_note":"","_monsterinsights_sitenote_category":0,"_uf_show_specific_survey":0,"_uf_disable_surveys":false,"footnotes":""},"class_list":["post-1024","page","type-page","status-publish","hentry"],"acf":[],"_links":{"self":[{"href":"https:\/\/www.ims-software.com\/fr\/wp-json\/wp\/v2\/pages\/1024","targetHints":{"allow":["GET"]}}],"collection":[{"href":"https:\/\/www.ims-software.com\/fr\/wp-json\/wp\/v2\/pages"}],"about":[{"href":"https:\/\/www.ims-software.com\/fr\/wp-json\/wp\/v2\/types\/page"}],"author":[{"embeddable":true,"href":"https:\/\/www.ims-software.com\/fr\/wp-json\/wp\/v2\/users\/1"}],"replies":[{"embeddable":true,"href":"https:\/\/www.ims-software.com\/fr\/wp-json\/wp\/v2\/comments?post=1024"}],"version-history":[{"count":3,"href":"https:\/\/www.ims-software.com\/fr\/wp-json\/wp\/v2\/pages\/1024\/revisions"}],"predecessor-version":[{"id":2143,"href":"https:\/\/www.ims-software.com\/fr\/wp-json\/wp\/v2\/pages\/1024\/revisions\/2143"}],"wp:attachment":[{"href":"https:\/\/www.ims-software.com\/fr\/wp-json\/wp\/v2\/media?parent=1024"}],"curies":[{"name":"wp","href":"https:\/\/api.w.org\/{rel}","templated":true}]}}