{"id":304,"date":"2022-03-22T03:32:20","date_gmt":"2022-03-22T03:32:20","guid":{"rendered":"http:\/\/new.ims-software.com\/ueber-ims\/"},"modified":"2024-11-05T16:53:42","modified_gmt":"2024-11-05T16:53:42","slug":"ueber-ims","status":"publish","type":"page","link":"https:\/\/www.ims-software.com\/de\/ueber-ims\/","title":{"rendered":"\u00dcber IMS"},"content":{"rendered":"<p>IMS Software, Inc. wurde 1989 gegr\u00fcndet und ist ein anerkannter Marktf\u00fchrer bei der Bereitstellung von NC-Postprozessoren, Verifizierungs- und Simulationsl\u00f6sungen sowie Dienstleistungen f\u00fcr Unternehmen, die einen Wettbewerbsvorteil in der Fertigungsindustrie suchen. Mit Hauptsitz in Haverhill, MA, werden IMS-L\u00f6sungen weltweit vertrieben und richten sich an Unternehmen aller Gr\u00f6\u00dfen, vor allem an die Automobil-, Luft- und Raumfahrt- und Verteidigungsindustrie, die allgemeine Fertigungs- und Maschinenindustrie sowie die elektromechanische Industrie.<\/p>\n<p><strong>Firmen Profil<\/strong><br \/>IMS Software verf\u00fcgt \u00fcber mehr als 30 Jahre Branchenerfahrung in der Bereitstellung von Postprozessor-Komplettl\u00f6sungen, die auf jeden einzelnen Kunden zugeschnitten sind. Mit dem begr\u00fcndeten Interesse, jeden Kunden zufrieden zu stellen, sind wir stolz darauf, branchenf\u00fchrende Produkte, Dienstleistungen und Support anzubieten. Gro\u00dfe und kleine Unternehmen &#8211; die weltweit f\u00fchrenden CAD \/ CAM-Unternehmen bis hin zu den kleinsten Werkst\u00e4tten &#8211; finden immer wieder neue M\u00f6glichkeiten, die IMS-Software zu nutzen, um die t\u00e4glichen Anforderungen zu erf\u00fcllen und zu \u00fcbertreffen.<\/p>\n<p><strong>Dan Wrenn,<\/strong> President<br \/><strong>Shlomo Birenshtok,<\/strong> Vice &#8211; President<br \/><strong>Andy Brewster,<\/strong> Vice &#8211; President of Sales &amp; Marketing<br \/><strong>Bob Mancuso,<\/strong> North American Sales<br \/><strong>Rudolf Renner,<\/strong> European Sales<\/p>\n","protected":false},"excerpt":{"rendered":"<p>IMS Software, Inc. wurde 1989 gegr\u00fcndet und ist ein anerkannter Marktf\u00fchrer bei der Bereitstellung von NC-Postprozessoren, Verifizierungs- und Simulationsl\u00f6sungen sowie Dienstleistungen f\u00fcr Unternehmen, die einen Wettbewerbsvorteil in der Fertigungsindustrie suchen. Mit Hauptsitz in Haverhill, MA, werden IMS-L\u00f6sungen weltweit vertrieben und richten sich an Unternehmen aller Gr\u00f6\u00dfen, vor allem an die Automobil-, Luft- und Raumfahrt- und <a href=\"https:\/\/www.ims-software.com\/de\/ueber-ims\/\" class=\"more-link\"><span aria-label=\"Continue reading\">(more\u2026)<\/span><\/a><\/p>\n","protected":false},"author":1,"featured_media":219,"parent":0,"menu_order":0,"comment_status":"closed","ping_status":"closed","template":"","meta":{"_acf_changed":false,"_monsterinsights_skip_tracking":false,"_monsterinsights_sitenote_active":false,"_monsterinsights_sitenote_note":"","_monsterinsights_sitenote_category":0,"_uf_show_specific_survey":0,"_uf_disable_surveys":false,"footnotes":""},"class_list":["post-304","page","type-page","status-publish","has-post-thumbnail","hentry"],"acf":[],"_links":{"self":[{"href":"https:\/\/www.ims-software.com\/de\/wp-json\/wp\/v2\/pages\/304","targetHints":{"allow":["GET"]}}],"collection":[{"href":"https:\/\/www.ims-software.com\/de\/wp-json\/wp\/v2\/pages"}],"about":[{"href":"https:\/\/www.ims-software.com\/de\/wp-json\/wp\/v2\/types\/page"}],"author":[{"embeddable":true,"href":"https:\/\/www.ims-software.com\/de\/wp-json\/wp\/v2\/users\/1"}],"replies":[{"embeddable":true,"href":"https:\/\/www.ims-software.com\/de\/wp-json\/wp\/v2\/comments?post=304"}],"version-history":[{"count":3,"href":"https:\/\/www.ims-software.com\/de\/wp-json\/wp\/v2\/pages\/304\/revisions"}],"predecessor-version":[{"id":3027,"href":"https:\/\/www.ims-software.com\/de\/wp-json\/wp\/v2\/pages\/304\/revisions\/3027"}],"wp:featuredmedia":[{"embeddable":true,"href":"https:\/\/www.ims-software.com\/de\/wp-json\/wp\/v2\/media\/219"}],"wp:attachment":[{"href":"https:\/\/www.ims-software.com\/de\/wp-json\/wp\/v2\/media?parent=304"}],"curies":[{"name":"wp","href":"https:\/\/api.w.org\/{rel}","templated":true}]}}