{"id":2042,"date":"2022-05-24T16:45:08","date_gmt":"2022-05-24T16:45:08","guid":{"rendered":"https:\/\/www.ims-software.com\/?page_id=2042"},"modified":"2022-06-29T15:38:46","modified_gmt":"2022-06-29T15:38:46","slug":"produkte-services","status":"publish","type":"page","link":"https:\/\/www.ims-software.com\/de\/produkte-services\/","title":{"rendered":"Produkte &#038; Services"},"content":{"rendered":"<h3>IMS Software verf\u00fcgt \u00fcber mehr als 30 Jahre Branchenerfahrung in der Bereitstellung von Postprozessor-Komplettl\u00f6sungen, die auf jeden einzelnen Kunden zugeschnitten sind. Mit dem begr\u00fcndeten Interesse, jeden Kunden zufrieden zu stellen, sind wir stolz darauf, branchenf\u00fchrende Produkte, Dienstleistungen und Support anzubieten.<\/h3>\n<p><strong>IMSpost<\/strong><\/p>\n<p>IMSpost, die weltweit modernste Postprozessor-Software, wandelt CAD\/CAM-Fr\u00e4s-Programme (Cl-Files) in die spezifischen Maschinencodes (G- \/ M-Codes) um, die f\u00fcr NC-Maschinen erforderlich sind. Mit der flexiblen Bibliothek an Standard-Postprozessoren und Maschinen-Konfigurationen k\u00f6nnen Sie sofort mit der Erzeugung von NC-Dateien beginnen.<\/p>\n<p><strong>IMSverify<\/strong><\/p>\n<p>Die IMSverify L\u00f6sung bietet eine einzigartige NC-Simulation, um den vom Postprozessor umgesetzten Code zu pr\u00fcfen und den Ablauf zu simulieren, welcher dann an der NC-Maschine abgearbeitet wird. Es ist also nicht die APT- oder CL-Datei, die innerhalb Ihres CAM-Systems verifiziert wird. Die Pr\u00fcfung des tats\u00e4chlichen G-Codes, der auf der Maschine laufen wird, gibt Ihnen die Gewissheit, dass das Bauteil korrekt bearbeitet wird.<\/p>\n<p><strong>IMSce for V5\/V6<\/strong><\/p>\n<p>IMSce f\u00fcr V5\/V6 ist eine robuste Controller Emulation f\u00fcr alle Typen von CNC-Steuerungen, die heute auf dem Markt sind, einschlie\u00dflich Fanuc, Siemens, Heidenhain (ISO und Klartext-Dialog), Fadal, Num, Mazak und vielen anderen. Die volle Unterst\u00fctzung f\u00fcr Variablen, Unterprogramme, Expressions, Maschinen-Zyklen, Probing und mehr garantiert die genaueste und stabilste Simulation, die derzeit in der Industrie verf\u00fcgbar ist.<\/p>\n<p><strong>IMSmachine<\/strong><\/p>\n<p>IMSmachine ist graphisch animiertes Setup Programm f\u00fcr Maschinen. Es kann unabh\u00e4ngig oder als Komponente von IMSpost gestartet werden. Mit dieser Software erstellen Sie schnell und pr\u00e4zise selbst die kompliziertesten Maschinen und Sie k\u00f6nnen die Maschine auch gleich testen.<\/p>\n<p><strong>IMSconvert<\/strong><\/p>\n<p>IMSconvert konvertieren Sie das ISO Format (G-Code) jeder beliebigen Maschine in die Standard APT-Sprache, oder direkt von einer Maschinensparache zur anderen.<\/p>\n<p><strong>Custom Posts<\/strong><\/p>\n<p>Unser Team aus erfahrenen Technikern erstellt Ihnen auf Wunsch Ihren Postprozessor nach Ihren Spezifikationen. Viel Firmen haben selbst nicht die erfahrenen Programmieren um die Postprozessoren anzupassen oder zu warten und ziehen es daher vor die Arbeit von uns dem Hersteller machen zu lassen.<\/p>\n","protected":false},"excerpt":{"rendered":"<p>IMS Software verf\u00fcgt \u00fcber mehr als 30 Jahre Branchenerfahrung in der Bereitstellung von Postprozessor-Komplettl\u00f6sungen, die auf jeden einzelnen Kunden zugeschnitten sind. Mit dem begr\u00fcndeten Interesse, jeden Kunden zufrieden zu stellen, sind wir stolz darauf, branchenf\u00fchrende Produkte, Dienstleistungen und Support anzubieten.<\/p>\n<p><strong>IMSpost<\/strong><\/p>\n<p>IMSpost, die weltweit modernste Postprozessor-Software, wandelt CAD\/CAM-Fr\u00e4s-Programme (Cl-Files) in die spezifischen Maschinencodes (G- \/ M-Codes) um, <a href=\"https:\/\/www.ims-software.com\/de\/produkte-services\/\" class=\"more-link\"><span aria-label=\"Continue reading\">(more\u2026)<\/span><\/a><\/p>\n","protected":false},"author":6,"featured_media":219,"parent":0,"menu_order":0,"comment_status":"closed","ping_status":"closed","template":"","meta":{"_acf_changed":false,"_monsterinsights_skip_tracking":false,"_monsterinsights_sitenote_active":false,"_monsterinsights_sitenote_note":"","_monsterinsights_sitenote_category":0,"_uf_show_specific_survey":0,"_uf_disable_surveys":false,"footnotes":""},"class_list":["post-2042","page","type-page","status-publish","has-post-thumbnail","hentry"],"acf":[],"_links":{"self":[{"href":"https:\/\/www.ims-software.com\/de\/wp-json\/wp\/v2\/pages\/2042","targetHints":{"allow":["GET"]}}],"collection":[{"href":"https:\/\/www.ims-software.com\/de\/wp-json\/wp\/v2\/pages"}],"about":[{"href":"https:\/\/www.ims-software.com\/de\/wp-json\/wp\/v2\/types\/page"}],"author":[{"embeddable":true,"href":"https:\/\/www.ims-software.com\/de\/wp-json\/wp\/v2\/users\/6"}],"replies":[{"embeddable":true,"href":"https:\/\/www.ims-software.com\/de\/wp-json\/wp\/v2\/comments?post=2042"}],"version-history":[{"count":8,"href":"https:\/\/www.ims-software.com\/de\/wp-json\/wp\/v2\/pages\/2042\/revisions"}],"predecessor-version":[{"id":2087,"href":"https:\/\/www.ims-software.com\/de\/wp-json\/wp\/v2\/pages\/2042\/revisions\/2087"}],"wp:featuredmedia":[{"embeddable":true,"href":"https:\/\/www.ims-software.com\/de\/wp-json\/wp\/v2\/media\/219"}],"wp:attachment":[{"href":"https:\/\/www.ims-software.com\/de\/wp-json\/wp\/v2\/media?parent=2042"}],"curies":[{"name":"wp","href":"https:\/\/api.w.org\/{rel}","templated":true}]}}